{"id":840,"date":"2023-10-04T19:54:43","date_gmt":"2023-10-04T19:54:43","guid":{"rendered":"https:\/\/ole.blkwtrdev.com\/?page_id=840"},"modified":"2026-02-05T11:56:41","modified_gmt":"2026-02-05T11:56:41","slug":"find-ole","status":"publish","type":"page","link":"http:\/\/olecocktails.com\/fr\/find-ole\/","title":{"rendered":"Find Ol\u00e9"},"content":{"rendered":"<div id=\"fws_69d389a7b7795\"  data-column-margin=\"default\" data-midnight=\"dark\"  class=\"wpb_row vc_row-fluid vc_row full-width-section  top_padding_tablet_75px top_padding_phone_50px bottom_padding_tablet_75px bottom_padding_phone_0px\" data-using-ctc=\"true\" style=\"padding-top: 100px; padding-bottom: 100px; color: #fcf6ea; \"><div class=\"row-bg-wrap\" data-bg-animation=\"none\" data-bg-animation-delay=\"\" data-bg-overlay=\"false\"><div class=\"inner-wrap row-bg-layer\" ><div class=\"row-bg viewport-desktop using-bg-color\"  style=\"background-color: #fcf6ea; \"><\/div><\/div><\/div><div class=\"row_col_wrap_12 col span_12 custom center\">\n\t<div  class=\"vc_col-sm-12 wpb_column column_container vc_column_container col no-extra-padding inherit_tablet inherit_phone\"  data-padding-pos=\"all\" data-has-bg-color=\"false\" data-bg-color=\"\" data-bg-opacity=\"1\" data-animation=\"\" data-delay=\"0\" >\n\t\t<div class=\"vc_column-inner\" >\n\t\t\t<div class=\"wpb_wrapper\">\n\t\t\t\t<div class=\"divider-wrap height_tablet_75px height_phone_50px\" data-alignment=\"default\"><div style=\"height: 100px;\" class=\"divider\"><\/div><\/div><div class=\"img-with-aniamtion-wrap center\" data-max-width=\"100%\" data-max-width-mobile=\"default\" data-shadow=\"none\" data-animation=\"none\" >\n      <div class=\"inner\">\n        <div class=\"hover-wrap\"> \n          <div class=\"hover-wrap-inner\">\n            <img loading=\"lazy\" decoding=\"async\" class=\"img-with-animation skip-lazy location-icon\" data-delay=\"0\" height=\"510\" width=\"376\" data-animation=\"none\" src=\"http:\/\/olecocktails.com\/wp-content\/uploads\/2023\/10\/ole_web_icon_location.png\" alt=\"\" srcset=\"http:\/\/olecocktails.com\/wp-content\/uploads\/2023\/10\/ole_web_icon_location.png 376w, http:\/\/olecocktails.com\/wp-content\/uploads\/2023\/10\/ole_web_icon_location-221x300.png 221w\" sizes=\"auto, (max-width: 376px) 100vw, 376px\" \/>\n          <\/div>\n        <\/div>\n      <\/div>\n    <\/div><div class=\"nectar-split-heading\" data-align=\"default\" data-m-align=\"center\" data-text-effect=\"default\" data-animation-type=\"line-reveal-by-space\" data-animation-delay=\"0\" data-animation-offset=\"\" data-m-rm-animation=\"\" data-stagger=\"\" data-custom-font-size=\"false\" ><h3 style=\" color: #005850;\">FIND OL\u00c9 NEAR YOU!<\/h3><\/div><div class=\"nectar-split-heading\" data-align=\"default\" data-m-align=\"center\" data-text-effect=\"default\" data-animation-type=\"line-reveal-by-space\" data-animation-delay=\"0\" data-animation-offset=\"\" data-m-rm-animation=\"\" data-stagger=\"\" data-custom-font-size=\"false\" ><h5 style=\" color: #005850;\">USE THE DROPDOWN \"FILTER\" TO CHOOSE COCKTAILS OR MOCKTAILS<\/h5><\/div>\n\t<div class=\"wpb_raw_code wpb_content_element wpb_raw_html\" >\n\t\t<div class=\"wpb_wrapper\">\n\t\t\t<div id='storerocket-widget' style='width:100%;' data-storerocket-env='p' data-storerocket-id='aDJkv1B4Od'><p style='text-align:center;font-size:13px;padding:10px;'>Store locator is loading from StoreRocket <a target='_blank' href='https:\/\/storerocket.io' style='font-size:13px;'>Store Locator App<\/a>..<\/p><\/div><script>(function(){var a=document.createElement('script');a.type='text\/javascript';a.async=!0;a.src='https:\/\/cdn.storerocket.io\/js\/widget-mb.js';var b=document.getElementsByTagName('script')[0];b.parentNode.insertBefore(a,b);}());<\/script>\n\t\t<\/div>\n\t<\/div>\n<div class=\"divider-wrap height_tablet_50px height_phone_25px\" data-alignment=\"default\"><div style=\"height: 75px;\" class=\"divider\"><\/div><\/div>\n\t\t\t<\/div> \n\t\t<\/div>\n\t<\/div> \n<\/div><\/div>\n\t\t<div id=\"fws_69d389a7b7ec8\"  data-column-margin=\"default\" data-midnight=\"dark\"  class=\"wpb_row vc_row-fluid vc_row full-width-content vc_row-o-equal-height vc_row-flex vc_row-o-content-top  top_padding_tablet_75px top_padding_phone_50px bottom_padding_tablet_75px bottom_padding_phone_50px\" data-using-ctc=\"true\" style=\"padding-top: 75px; padding-bottom: 75px; color: #005850; \"><div class=\"row-bg-wrap\" data-bg-animation=\"none\" data-bg-animation-delay=\"\" data-bg-overlay=\"false\"><div class=\"inner-wrap row-bg-layer\" ><div class=\"row-bg viewport-desktop using-bg-color\"  style=\"background-color: #fcf6ea; \"><\/div><\/div><\/div><div class=\"row_col_wrap_12 col span_12 custom center\">\n\t<div  class=\"vc_col-sm-12 wpb_column column_container vc_column_container col no-extra-padding inherit_tablet inherit_phone\"  data-padding-pos=\"all\" data-has-bg-color=\"false\" data-bg-color=\"\" data-bg-opacity=\"1\" data-animation=\"\" data-delay=\"0\" >\n\t\t<div class=\"vc_column-inner\" >\n\t\t\t<div class=\"wpb_wrapper\">\n\t\t\t\t<div class=\"nectar-scrolling-text custom_color\" data-style=\"default\" data-s-dir=\"ltr\" data-spacing=\"false\" data-outline-thickness=\"thin\" data-s-speed=\"slower\" data-overflow=\"hidden\" ><div class=\"nectar-scrolling-text-inner\" style=\"color: #ee907b;\"><div class=\"nectar-scrolling-text-inner__text-chunk\">\n<h3>#OL\u00c9YOURWAY #OL\u00c9YOURWAY #OL\u00c9YOURWAY<span>&nbsp;<\/span><\/h3>\n<\/div><div class=\"nectar-scrolling-text-inner__text-chunk\">\n<h3>#OL\u00c9YOURWAY #OL\u00c9YOURWAY #OL\u00c9YOURWAY<span>&nbsp;<\/span><\/h3>\n<\/div><div class=\"nectar-scrolling-text-inner__text-chunk\">\n<h3>#OL\u00c9YOURWAY #OL\u00c9YOURWAY #OL\u00c9YOURWAY<span>&nbsp;<\/span><\/h3>\n<\/div><div class=\"nectar-scrolling-text-inner__text-chunk\">\n<h3>#OL\u00c9YOURWAY #OL\u00c9YOURWAY #OL\u00c9YOURWAY<span>&nbsp;<\/span><\/h3>\n<\/div><div class=\"nectar-scrolling-text-inner__text-chunk\">\n<h3>#OL\u00c9YOURWAY #OL\u00c9YOURWAY #OL\u00c9YOURWAY<span>&nbsp;<\/span><\/h3>\n<\/div><div class=\"nectar-scrolling-text-inner__text-chunk\">\n<h3>#OL\u00c9YOURWAY #OL\u00c9YOURWAY #OL\u00c9YOURWAY<span>&nbsp;<\/span><\/h3>\n<\/div><\/div><\/div>\n\t\t\t<\/div> \n\t\t<\/div>\n\t<\/div> \n<\/div><\/div>","protected":false},"excerpt":{"rendered":"FIND OL\u00c9 NEAR YOU!USE THE DROPDOWN \"FILTER\" TO CHOOSE COCKTAILS OR MOCKTAILS Store locator is loading from StoreRocket Store Locator App.. #OL\u00c9YOURWAY #OL\u00c9YOURWAY #OL\u00c9YOURWAY&nbsp; #OL\u00c9YOURWAY #OL\u00c9YOURWAY #OL\u00c9YOURWAY&nbsp; #OL\u00c9YOURWAY #OL\u00c9YOURWAY #OL\u00c9YOURWAY&nbsp;...","protected":false},"author":1,"featured_media":0,"parent":0,"menu_order":0,"comment_status":"closed","ping_status":"closed","template":"","meta":{"_acf_changed":false,"footnotes":""},"class_list":["post-840","page","type-page","status-publish"],"acf":[],"yoast_head":"<!-- This site is optimized with the Yoast SEO plugin v27.2 - https:\/\/yoast.com\/product\/yoast-seo-wordpress\/ -->\n<title>Find Ol\u00e9 - OL\u00c9 Cocktail Co.<\/title>\n<meta name=\"robots\" content=\"index, follow, max-snippet:-1, max-image-preview:large, max-video-preview:-1\" \/>\n<link rel=\"canonical\" href=\"https:\/\/olecocktails.com\/fr\/find-ole\/\" \/>\n<meta property=\"og:locale\" content=\"fr_CA\" \/>\n<meta property=\"og:type\" content=\"article\" \/>\n<meta property=\"og:title\" content=\"Find Ol\u00e9 - OL\u00c9 Cocktail Co.\" \/>\n<meta property=\"og:url\" content=\"https:\/\/olecocktails.com\/fr\/find-ole\/\" \/>\n<meta property=\"og:site_name\" content=\"OL\u00c9 Cocktail Co.\" \/>\n<meta property=\"article:modified_time\" content=\"2026-02-05T11:56:41+00:00\" \/>\n<meta name=\"twitter:card\" content=\"summary_large_image\" \/>\n<meta name=\"twitter:label1\" content=\"Est. reading time\" \/>\n\t<meta name=\"twitter:data1\" content=\"2 minutes\" \/>\n<script type=\"application\/ld+json\" class=\"yoast-schema-graph\">{\"@context\":\"https:\/\/schema.org\",\"@graph\":[{\"@type\":\"WebPage\",\"@id\":\"https:\/\/olecocktails.com\/find-ole\/\",\"url\":\"https:\/\/olecocktails.com\/find-ole\/\",\"name\":\"Find Ol\u00e9 - OL\u00c9 Cocktail Co.\",\"isPartOf\":{\"@id\":\"https:\/\/olecocktails.com\/#website\"},\"datePublished\":\"2023-10-04T19:54:43+00:00\",\"dateModified\":\"2026-02-05T11:56:41+00:00\",\"breadcrumb\":{\"@id\":\"https:\/\/olecocktails.com\/find-ole\/#breadcrumb\"},\"inLanguage\":\"fr-CA\",\"potentialAction\":[{\"@type\":\"ReadAction\",\"target\":[\"https:\/\/olecocktails.com\/find-ole\/\"]}]},{\"@type\":\"BreadcrumbList\",\"@id\":\"https:\/\/olecocktails.com\/find-ole\/#breadcrumb\",\"itemListElement\":[{\"@type\":\"ListItem\",\"position\":1,\"name\":\"Home\",\"item\":\"https:\/\/olecocktails.com\/\"},{\"@type\":\"ListItem\",\"position\":2,\"name\":\"Find Ol\u00e9\"}]},{\"@type\":\"WebSite\",\"@id\":\"https:\/\/olecocktails.com\/#website\",\"url\":\"https:\/\/olecocktails.com\/\",\"name\":\"OL\u00c9 Cocktail Co.\",\"description\":\"\",\"potentialAction\":[{\"@type\":\"SearchAction\",\"target\":{\"@type\":\"EntryPoint\",\"urlTemplate\":\"https:\/\/olecocktails.com\/?s={search_term_string}\"},\"query-input\":{\"@type\":\"PropertyValueSpecification\",\"valueRequired\":true,\"valueName\":\"search_term_string\"}}],\"inLanguage\":\"fr-CA\"}]}<\/script>\n<!-- \/ Yoast SEO plugin. -->","yoast_head_json":{"title":"Find Ol\u00e9 - OL\u00c9 Cocktail Co.","robots":{"index":"index","follow":"follow","max-snippet":"max-snippet:-1","max-image-preview":"max-image-preview:large","max-video-preview":"max-video-preview:-1"},"canonical":"https:\/\/olecocktails.com\/fr\/find-ole\/","og_locale":"fr_CA","og_type":"article","og_title":"Find Ol\u00e9 - OL\u00c9 Cocktail Co.","og_url":"https:\/\/olecocktails.com\/fr\/find-ole\/","og_site_name":"OL\u00c9 Cocktail Co.","article_modified_time":"2026-02-05T11:56:41+00:00","twitter_card":"summary_large_image","twitter_misc":{"Est. reading time":"2 minutes"},"schema":{"@context":"https:\/\/schema.org","@graph":[{"@type":"WebPage","@id":"https:\/\/olecocktails.com\/find-ole\/","url":"https:\/\/olecocktails.com\/find-ole\/","name":"Find Ol\u00e9 - OL\u00c9 Cocktail Co.","isPartOf":{"@id":"https:\/\/olecocktails.com\/#website"},"datePublished":"2023-10-04T19:54:43+00:00","dateModified":"2026-02-05T11:56:41+00:00","breadcrumb":{"@id":"https:\/\/olecocktails.com\/find-ole\/#breadcrumb"},"inLanguage":"fr-CA","potentialAction":[{"@type":"ReadAction","target":["https:\/\/olecocktails.com\/find-ole\/"]}]},{"@type":"BreadcrumbList","@id":"https:\/\/olecocktails.com\/find-ole\/#breadcrumb","itemListElement":[{"@type":"ListItem","position":1,"name":"Home","item":"https:\/\/olecocktails.com\/"},{"@type":"ListItem","position":2,"name":"Find Ol\u00e9"}]},{"@type":"WebSite","@id":"https:\/\/olecocktails.com\/#website","url":"https:\/\/olecocktails.com\/","name":"OL\u00c9 Cocktail Co.","description":"","potentialAction":[{"@type":"SearchAction","target":{"@type":"EntryPoint","urlTemplate":"https:\/\/olecocktails.com\/?s={search_term_string}"},"query-input":{"@type":"PropertyValueSpecification","valueRequired":true,"valueName":"search_term_string"}}],"inLanguage":"fr-CA"}]}},"_links":{"self":[{"href":"http:\/\/olecocktails.com\/fr\/wp-json\/wp\/v2\/pages\/840","targetHints":{"allow":["GET"]}}],"collection":[{"href":"http:\/\/olecocktails.com\/fr\/wp-json\/wp\/v2\/pages"}],"about":[{"href":"http:\/\/olecocktails.com\/fr\/wp-json\/wp\/v2\/types\/page"}],"author":[{"embeddable":true,"href":"http:\/\/olecocktails.com\/fr\/wp-json\/wp\/v2\/users\/1"}],"replies":[{"embeddable":true,"href":"http:\/\/olecocktails.com\/fr\/wp-json\/wp\/v2\/comments?post=840"}],"version-history":[{"count":5,"href":"http:\/\/olecocktails.com\/fr\/wp-json\/wp\/v2\/pages\/840\/revisions"}],"predecessor-version":[{"id":1739,"href":"http:\/\/olecocktails.com\/fr\/wp-json\/wp\/v2\/pages\/840\/revisions\/1739"}],"wp:attachment":[{"href":"http:\/\/olecocktails.com\/fr\/wp-json\/wp\/v2\/media?parent=840"}],"curies":[{"name":"wp","href":"https:\/\/api.w.org\/{rel}","templated":true}]}}